{"id":742,"date":"2014-02-23T08:52:00","date_gmt":"2014-02-23T08:52:00","guid":{"rendered":"https:\/\/www.avalumitran.com\/aviso-legal-2\/"},"modified":"2026-03-05T10:50:50","modified_gmt":"2026-03-05T09:50:50","slug":"aviso-legal-ok","status":"publish","type":"page","link":"https:\/\/www.avalumitran.com\/pt-pt\/aviso-legal-ok\/","title":{"rendered":"Aviso Legal"},"content":{"rendered":"\t\t<div data-elementor-type=\"wp-page\" data-elementor-id=\"742\" class=\"elementor elementor-742 elementor-156\" data-elementor-post-type=\"page\">\n\t\t\t\t\t\t<section class=\"elementor-section elementor-top-section elementor-element elementor-element-20815e3 elementor-section-boxed elementor-section-height-default elementor-section-height-default\" data-id=\"20815e3\" data-element_type=\"section\">\n\t\t\t\t\t\t<div class=\"elementor-container elementor-column-gap-default\">\n\t\t\t\t\t<div class=\"elementor-column elementor-col-100 elementor-top-column elementor-element elementor-element-531872be\" data-id=\"531872be\" data-element_type=\"column\">\n\t\t\t<div class=\"elementor-widget-wrap elementor-element-populated\">\n\t\t\t\t\t\t<div class=\"elementor-element elementor-element-740b4fa9 elementor-widget elementor-widget-text-editor\" data-id=\"740b4fa9\" data-element_type=\"widget\" data-widget_type=\"text-editor.default\">\n\t\t\t\t<div class=\"elementor-widget-container\">\n\t\t\t\t\t\t\t\t\tCONDICIONES DE USO DE LA WEB www.avalumitran.com\r\n<h2>1.CONDICIONES DE ACCESO AL SITIO WEB Y USO DE LOS PRODUCTOS Y SERVICIOS<\/h2>\r\nEl Usuario se compromete y garantiza hacer uso del sitio web conforme a las disposiciones establecidas en las presentes condiciones, lo dispuesto en la normativa aplicable, as\u00ed como lo relativo a la moral y a las buenas costumbres.\r\nEn este sentido, el Usuario se compromete a:\r\n<ol>\r\n \t<li>No utilizar ninguno de los servicios, productos, contenidos y\/o herramientas que AV ALUMITRAN, S.L. pone a su disposici\u00f3n, por medios o con fines il\u00edcitos, o expresamente prohibidos en las disposiciones o cuyos efectos puedan vulnerar o lesionar derechos, intereses o bienes de AV ALUMITRAN, S.L. o de terceros.<\/li>\r\n \t<li>Abstenerse de realizar cualquier actividad que pudiera da\u00f1ar, sobrecargar, deteriorar o impedir la actividad normal del sitio web de AV ALUMITRAN, S.L., as\u00ed como de obtener los contenidos facilitados en el sitio web por medios il\u00edcitos, fraudulentos, robo o plagio de los mismos, de conformidad con lo establecido en el C\u00f3digo Penal y en la normativa de aplicaci\u00f3n.<\/li>\r\n \t<li>No hacer un uso il\u00edcito de los productos, servicios, contenidos y\/ o herramientas, o que pueda suponer un perjuicio para AV ALUMITRAN, S.L. Por tanto, el Usuario se abstendr\u00e1 a t\u00edtulo no limitativo, de modificar, copiar, distribuir, publicar, ceder y\/o a vender cualquier informaci\u00f3n o apariencia concerniente a los productos, servicios, contenidos y\/o herramientas, facilitados por AV ALUMITRAN, S.L. a trav\u00e9s de su sitio web.<\/li>\r\n<\/ol>\r\nEn el supuesto de que el Usuario causare da\u00f1os a terceros, por hacer uso de cualquier producto, servicio, contenido y\/o herramienta facilitado a trav\u00e9s del sitio web, as\u00ed como de un uso indebido de los mismos, el Usuario exonera expresamente a AV ALUMITRAN, S.L. de cualquier responsabilidad que le pudiera ser imputada.\r\n\r\nA tales efectos, el Usuario asumir\u00e1 la responsabilidad \u00fanica y exclusiva que pudiera derivarse como consecuencia de lo anterior. Igualmente, el Usuario correr\u00e1 con los gastos, costas y en su caso indemnizaciones que pudieran derivarse de procesos judiciales motivados por el incumplimiento de lo establecido en las presentes Condiciones y en la normativa aplicable.\r\nAV ALUMITRAN, S.L. al objeto de garantizar los derechos en cumplimiento de las presentes Condiciones y el respeto a la legislaci\u00f3n vigente podr\u00e1:\r\n<ol>\r\n \t<li>Proceder a la supervisi\u00f3n del servicio por medio de sus administradores con respeto en todo caso del secreto de las comunicaciones y la intimidad del Usuario.<\/li>\r\n \t<li>Interrumpir temporalmente el servicio sin preaviso y en cualquier momento por razones tecnol\u00f3gicas o legales que ser\u00e1n convenientemente motivadas en el sitio web.<\/li>\r\n \t<li>Modificar las condiciones de prestaci\u00f3n de los productos, servicios, contenidos y\/o herramientas, cuando as\u00ed lo aconsejen razones t\u00e9cnicas o por aplicaci\u00f3n de nuevas disposiciones legales.<\/li>\r\n \t<li>Modificar el contenido de los productos, servicios, contenidos y\/o herramientas que integran el contenido del sitio web, sin necesidad de comunicarlo previamente, cuando por razones de su actividad as\u00ed lo considere conveniente. Asimismo, se reserva el derecho a no conceder el acceso a los servicios, productos, contenidos y\/o herramientas, sin previo aviso, a cualquier Usuario que contravenga lo dispuesto en las presentes Condiciones.<\/li>\r\n \t<li>Suprimir o retirar de los distintos servicios, productos, contenidos y\/o herramientas ofrecidos a trav\u00e9s de p\u00e1gina web toda la informaci\u00f3n que pudiera ser ilegal o simplemente ofensiva.<\/li>\r\n \t<li>Comunicar a los \u00f3rganos competentes que act\u00faen en el ejercicio de sus competencias, las conductas, actividades o datos presuntamente il\u00edcitos de que AV ALUMITRAN, S.L. tenga conocimiento.<\/li>\r\n<\/ol>\r\n&nbsp;\r\n<h2>2. LIMITACI\u00d3N DE RESPONSABILIDAD<\/h2>\r\nAV ALUMITRAN, S.L. \u00a0se esfuerza para asegurarse que la informaci\u00f3n que aparece en su sitio web sea correcta y se encuentre actualizada. No obstante, no pueden descartarse errores u omisiones, por lo que el Usuario no deber\u00e1 considerar exacta la informaci\u00f3n sin comprobar antes tal exactitud con AV ALUMITRAN, S.L. \u00a0. Ninguna de la informaci\u00f3n y\/o contenidos de este sitio web debe ser considerado como una afirmaci\u00f3n o un hecho indudable. AV ALUMITRAN, S.L. \u00a0no puede controlar el empleo que el Usuario d\u00e9 a la informaci\u00f3n o contenidos que se ofrecen desde el sitio web y por tanto no ser\u00e1 responsable por los hechos, actos o da\u00f1os, directos o indirectos, ocasionados al Usuario o a terceros que puedan derivarse o tener conexi\u00f3n con el empleo de dicha informaci\u00f3n o contenidos.\r\n\r\nEl usuario exonera a AV ALUMITRAN, S.L. \u00a0de cualquier responsabilidad que pudiera derivarse de las interrupciones de disponibilidad en la adquisici\u00f3n de productos, contenidos y\/o herramientas, y\/o en la prestaci\u00f3n de los servicios, motivadas por causas de fuerza mayor o fuera de su control. A estos efectos se consideran fuera de su control a t\u00edtulo enunciativo y no limitativo, (i) el m\u00f3dem, (ii) el sistema inform\u00e1tico del usuario, (iii) el software de navegaci\u00f3n, (iv) virus, (v) interconexi\u00f3n de redes telef\u00f3nicas y el\u00e9ctricas, (vi) RDSI, y\/o cualquier otra infraestructura de transporte o telecomunicaciones utilizadas por el Usuario.\r\n\r\n&nbsp;\r\n<h2>3. PROTECCI\u00d3N DE DATOS PERSONALES Y COMERCIO ELECTR\u00d3NICO<\/h2>\r\nEl acceso del Usuario al sitio web podr\u00eda implicar el tratamiento de datos de car\u00e1cter personal. Para AV ALUMITRAN, S.L. reviste una gran importancia el cumplimiento de la normativa sobre protecci\u00f3n de datos de car\u00e1cter personal y sobre servicios de la sociedad de la informaci\u00f3n y comercio electr\u00f3nico.\r\nGeneralmente, las personas que hagan uso del sitio web lo hacen sin necesidad de facilitar ning\u00fan dato de car\u00e1cter personal. No obstante, para acceder a determinados servicios, el Usuario, en ciertos casos deber\u00e1 facilitar ciertos datos de car\u00e1cter personal. AV ALUMITRAN, S.L. garantiza la confidencialidad de los datos de car\u00e1cter personal facilitados por el Usuario, seg\u00fan lo establecido en la normativa sobre Protecci\u00f3n de Datos de Car\u00e1cter Personal, y sobre Servicios de la Sociedad de la Informaci\u00f3n y de Comercio Electr\u00f3nico.\r\nAV ALUMITRAN, S.L. cumple la legislaci\u00f3n vigente en materia de protecci\u00f3n de datos, habiendo adoptado los procedimientos administrativos y t\u00e9cnicos necesarios para garantizar la seguridad de los datos personales recopilados.\r\n\r\nDe conformidad con la legislaci\u00f3n en protecci\u00f3n de datos y el art\u00edculo 10 de la Ley 34\/2002 de Servicios de la Sociedad de la Informaci\u00f3n y Comercio Electr\u00f3nico el propietario del sitio y responsable del tratamiento de los datos es:\r\n\r\nResponsable: AV ALUMITRAN, SL (en adelante \u201cla empresa\u201d). CIF: B84081413. Inscrita en el Registro Mercantil de Madrid al tomo 20415, folio 1, hoja M-361.081. Datos de contacto de la empresa y del Delegado de Protecci\u00f3n de Datos: Villarejo de Salvan\u00e9s, Madrid, NIII, km 52.200, 28590, correo electr\u00f3nico lopd@avalumitran.com\r\n\r\nEl Usuario es aquel que hace uso del sitio web, as\u00ed como de los productos, servicios, contenidos y\/o herramientas que se ofrecen a trav\u00e9s del mismo y cuyos datos identificativos son, los facilitados directamente por \u00e9ste mediante la incorporaci\u00f3n de sus datos a los distintos formularios que la empresa pone a su disposici\u00f3n para acceder de forma onerosa o gratuita a cualquiera de los productos, servicios, contenidos y\/o herramientas que se ofrecen a trav\u00e9s del sitio web propiedad de la empresa. La responsabilidad sobre la autenticidad de los datos proporcionados corresponde directa y exclusivamente al Usuario.\r\n\r\nLos datos que le solicitamos en los diferentes formularios de nuestra p\u00e1gina web son los adecuados, pertinentes y estrictamente necesarios para la finalidad de gestionar y tramitar la petici\u00f3n que nos ha realizado y poder enviarle informaci\u00f3n de nuestros servicios, y en ning\u00fan caso est\u00e1 obligado a facilitarlos. Los datos de cumplimentaci\u00f3n obligatoria se especifican en el propio formulario, y su negativa a suministrarlos implicar\u00e1 no poder gestionar su petici\u00f3n. Asimismo, nos asegura que todos los datos facilitados son ciertos, veraces y pertinentes para la finalidad por la que los solicitamos.\r\n\r\nLos datos personales proporcionados se conservar\u00e1n mientras se mantenga la relaci\u00f3n comercial, y una vez finalice la citada relaci\u00f3n se mantendr\u00e1n bloqueados el tiempo legalmente establecido, antes de su destrucci\u00f3n.\r\n\r\nEl env\u00edo de los mismos implica su autorizaci\u00f3n expresa a incorporarlos a nuestros ficheros correspondientes, siempre y cuando la empresa lo considere conveniente para la gesti\u00f3n de la petici\u00f3n que solicite.\r\n\r\nLe informamos que sus datos podr\u00e1n ser cedidos a terceras personas f\u00edsicas o jur\u00eddicas en virtud de las finalidades previstas.\r\n\r\nEs importante que para que podamos mantener sus datos personales actualizados, nos informe siempre que haya alguna modificaci\u00f3n en ellos. En caso contrario, no respondemos de la veracidad de los mismos. Consideramos que si no cancela sus datos personales expresamente de nuestros ficheros, contin\u00faa interesado en seguir incorporado a los mismos hasta que el Responsable lo considere oportuno y mientras sea adecuado a la finalidad por la que se obtuvieron.\r\n\r\nEl titular de los datos personales tiene derecho a:\r\n<ul>\r\n \t<li>Obtener confirmaci\u00f3n sobre si el Responsable est\u00e1 tratando los datos personales que les conciernan, o no.<\/li>\r\n \t<li>Acceder a sus datos personales, as\u00ed como a solicitar la rectificaci\u00f3n de los datos inexactos o, en su caso, solicitar su supresi\u00f3n cuando, entre otros motivos, los datos ya no sean necesarios para los fines que fueron recogidos.<\/li>\r\n \t<li>En determinadas circunstancias, los interesados podr\u00e1n solicitar la limitaci\u00f3n del tratamiento de sus datos, en cuyo caso \u00fanicamente el Responsable los conservar\u00e1 para el ejercicio o la defensa de reclamaciones.<\/li>\r\n \t<li>En determinadas circunstancias y por motivos relacionados con su situaci\u00f3n particular, los interesados podr\u00e1n oponerse al tratamiento de sus datos.<\/li>\r\n \t<li>En determinadas circunstancias, en virtud del derecho de portabilidad, los interesados tendr\u00e1n derecho a obtener sus datos personales en un formato estructurado de uso com\u00fan y lectura mec\u00e1nica y transmitirlo a otro responsable.<\/li>\r\n<\/ul>\r\nEl titular puede ejercer sus derechos:\r\n<ul>\r\n \t<li>Mediante escrito dirigido a la empresa, \u00a0Villarejo de Salvan\u00e9s, Madrid, NIII, km 52.200, 28590, referencia \u201cProtecci\u00f3n de Datos\u201d.<\/li>\r\n \t<li>Mediante correo electr\u00f3nico a la direcci\u00f3n lopd@avalumitran.com indicando en el asunto \u201cProtecci\u00f3n de Datos\u201d.<\/li>\r\n<\/ul>\r\nSi considera que sus derechos no se han atendido adecuadamente, tiene derecho a presentar una reclamaci\u00f3n ante la Agencia Espa\u00f1ola de Protecci\u00f3n de Datos.\r\n\r\n&nbsp;\r\n<h2>4. SEGURIDAD: USO DE COOKIES Y ENTORNO SEGURO<\/h2>\r\nPuede que, en alguna ocasi\u00f3n, AV ALUMITRAN, S.L. utilice cookies en su sitio web. La utilizaci\u00f3n de las mismas se har\u00e1 con el fin de personalizar sus p\u00e1ginas en el sitio web o para recordarle que debe registrar los productos o servicios. Si no quiere que AV ALUMITRAN, S.L. organice las cookies de su navegador, puede configurarlo para que los rechace o para que le notifique cuando un sitio web intente ponerle una cookie en el software de su navegador. Si rechaza las cookies, esto puede afectar la capacidad para utilizar algunos de los productos y servicios en nuestro sitio web.\r\n\r\nAV ALUMITRAN, S.L. a trav\u00e9s de su sitio web, utiliza medios de tecnolog\u00eda punta para garantizar la protecci\u00f3n de la informaci\u00f3n. AV ALUMITRAN, S.L. garantiza que la contrataci\u00f3n de los productos y servicios se realiza en un entorno seguro.\r\nEl Usuario puede comprobar que se encuentra en un entorno seguro, observando el candado cerrado en la barra de estado del navegador, o comprobando en el men\u00fa superior, la apariencia de la \u201cs\u201d en el http.\r\n\r\n&nbsp;\r\n<h2>5. HIPERENLACES<\/h2>\r\nAV ALUMITRAN, S.L. no es responsable de las p\u00e1ginas webs enlazadas a \u00e9sta, por lo que no se hace responsable de sus contenidos. Los riesgos derivados de la consulta de tales p\u00e1ginas web corresponden exclusivamente al Usuario, que deber\u00e1 regirse por los t\u00e9rminos, condiciones y avisos legales de las mismas, de los que igualmente AV ALUMITRAN, S.L. no se hace responsable.\r\n\r\n&nbsp;\r\n<h2>6. PROPIEDAD INTELECTUAL E INDUSTRIAL<\/h2>\r\nAV ALUMITRAN, S.L. es titular de los derechos de Propiedad Intelectual e Industrial de los elementos que integran el dise\u00f1o de la p\u00e1gina, como la marca, nombre comercial o signo distintivo. En particular y a t\u00edtulo no limitativo, est\u00e1n protegidos por los derechos de autor, los logos, combinaciones de colores, la selecci\u00f3n y la forma de presentaci\u00f3n, el c\u00f3digo fuente del sitio web, los men\u00fas, los botones de navegaci\u00f3n, el c\u00f3digo HTML, los applets de Java, los textos, im\u00e1genes, gr\u00e1ficos, as\u00ed como cualquier otro contenido del sitio web relativo a los productos, servicios, contenidos y\/o herramientas facilitados por AV ALUMITRAN, S.L.\r\nEl Usuario se compromete a respetar los derechos de propiedad intelectual e Industrial del sitio web y de los productos, contenidos, y\/o herramientas; por ello, el Usuario se abstendr\u00e1 de copiar, reproducir, distribuir, poner a disposici\u00f3n o comunicaci\u00f3n p\u00fablica del contenido de la p\u00e1gina web, sin la autorizaci\u00f3n expresa y por escrito de AV ALUMITRAN, S.L. y siempre que cumpla las siguientes condiciones:\r\nCualquier copia total o parcial de la p\u00e1gina web o en su caso, herramientas, contenidos de AV ALUMITRAN, S.L. deber\u00e1 incluir el aviso sobre el copyright de AV ALUMITRAN, S.L.: \u201c\u00a9 AV ALUMITRAN, S.L. 2004\u201d. Todos los derechos reservados. En caso de utilizaci\u00f3n, reproducci\u00f3n y distribuci\u00f3n de contenidos propiedad de terceras personas que aparezcan en este sitio web, el s\u00edmbolo de copyright de dichas personas deber\u00e1 aparecer en todas las reproducciones.\r\nNo se podr\u00e1n realizar modificaciones sobre el contenido excepto cuando el Usuario cuente con la previa autorizaci\u00f3n de AV ALUMITRAN, S.L. El contenido del sitio web, s\u00f3lo podr\u00e1 ser utilizado con fines informativos, prohibi\u00e9ndose su uso para fines comerciales o para su distribuci\u00f3n, comunicaci\u00f3n p\u00fablica, transformaci\u00f3n o descompilaci\u00f3n.\r\nAV ALUMITRAN, S.L. se reserva el derecho de revocar la autorizaci\u00f3n para utilizar el contenido de su sitio web, contenidos y\/o herramientas en cualquier momento. En dicho caso todo uso deber\u00e1 ser interrumpido. AV ALUMITRAN, S.L. no se hace responsable de la informaci\u00f3n de terceros al lado de la cual se haya a\u00f1adido parte del contenido de su sitio web.\r\nNinguna imagen o gr\u00e1fico disponible en el sitio web de AV ALUMITRAN, S.L. ser\u00e1 utilizada de forma separada del resto de im\u00e1genes que lo acompa\u00f1an o del texto correspondiente, en su caso.\r\nNo podr\u00e1 ser distribuido ni publicado el contenido del sitio web de AV ALUMITRAN, S.L. junto a informaci\u00f3n que promueva:\r\n<ol>\r\n \t<li>Pornograf\u00eda y\/o prostituci\u00f3n.<\/li>\r\n \t<li>Explotaci\u00f3n infantil.<\/li>\r\n \t<li>Racismo<\/li>\r\n \t<li>Teroorismo.<\/li>\r\n \t<li>Tr\u00e1fico de armas.<\/li>\r\n \t<li>Cualquier otro contenido ilegal.<\/li>\r\n<\/ol>\r\nLos nombres de productos que aparecen en esta p\u00e1gina web pueden ser marcas registradas de sus respectivas compa\u00f1\u00edas.\r\n\r\n&nbsp;\r\n<h2>7. MODIFICACI\u00d3N DE LAS CONDICIONES DE UTILIZACI\u00d3N DEL SITIO WEB<\/h2>\r\nAV ALUMITRAN, S.L. podr\u00e1 modificar las presentes estipulaciones siempre que exista causa o motivo suficiente para ello.\r\n\r\n&nbsp;\r\n<h2>8. LEGISLACI\u00d3N Y JURISDICCI\u00d3N APLICABLE<\/h2>\r\nLas presentes condiciones se rigen por la normativa espa\u00f1ola vigente que le es de aplicaci\u00f3n.\r\nPara la resoluci\u00f3n de las controversias que pudieran derivarse como consecuencia de lo dispuesto en las presentes disposiciones, y con renuncia expresa a cualquier otro fuero que pudiera corresponder, el Usuario acuerda someterse a la Jurisdicci\u00f3n de los Juzgados y Tribunales de Madrid.\r\n\r\n&nbsp;\r\n<h2>9. NOTIFICACIONES<\/h2>\r\nTodas las notificaciones, requerimientos, peticiones y otras comunicaciones que hayan de efectuarse por las partes en relaci\u00f3n con las presentes Condiciones, deber\u00e1n realizarse por escrito y deber\u00e1n ser remitidas por correo certificado o burofax al domicilio de la otra parte o a su direcci\u00f3n de correo.\t\t\t\t\t\t\t\t<\/div>\n\t\t\t\t<\/div>\n\t\t\t\t\t<\/div>\n\t\t<\/div>\n\t\t\t\t\t<\/div>\n\t\t<\/section>\n\t\t\t\t<section class=\"elementor-section elementor-top-section elementor-element elementor-element-99f4dab elementor-section-boxed elementor-section-height-default elementor-section-height-default\" data-id=\"99f4dab\" data-element_type=\"section\">\n\t\t\t\t\t\t<div class=\"elementor-container elementor-column-gap-default\">\n\t\t\t\t\t<div class=\"elementor-column elementor-col-100 elementor-top-column elementor-element elementor-element-2496ea4\" data-id=\"2496ea4\" data-element_type=\"column\">\n\t\t\t<div class=\"elementor-widget-wrap elementor-element-populated\">\n\t\t\t\t\t\t<div class=\"elementor-element elementor-element-a9cd789 elementor-widget elementor-widget-spacer\" data-id=\"a9cd789\" data-element_type=\"widget\" data-widget_type=\"spacer.default\">\n\t\t\t\t<div class=\"elementor-widget-container\">\n\t\t\t\t\t\t\t<div class=\"elementor-spacer\">\n\t\t\t<div class=\"elementor-spacer-inner\"><\/div>\n\t\t<\/div>\n\t\t\t\t\t\t<\/div>\n\t\t\t\t<\/div>\n\t\t\t\t\t<\/div>\n\t\t<\/div>\n\t\t\t\t\t<\/div>\n\t\t<\/section>\n\t\t\t\t<\/div>\n\t\t","protected":false},"excerpt":{"rendered":"<p>CONDICIONES DE USO DE LA WEB www.avalumitran.com 1.CONDICIONES DE ACCESO AL SITIO WEB Y USO DE LOS PRODUCTOS Y SERVICIOS El Usuario se compromete y garantiza hacer uso del sitio web conforme a las disposiciones establecidas en las presentes condiciones, lo dispuesto en la normativa aplicable, as\u00ed como lo relativo a la moral y a [&hellip;]<\/p>\n","protected":false},"author":1001002,"featured_media":0,"parent":0,"menu_order":0,"comment_status":"closed","ping_status":"closed","template":"","meta":{"footnotes":""},"class_list":["post-742","page","type-page","status-publish","hentry"],"aioseo_notices":[],"_links":{"self":[{"href":"https:\/\/www.avalumitran.com\/pt-pt\/wp-json\/wp\/v2\/pages\/742","targetHints":{"allow":["GET"]}}],"collection":[{"href":"https:\/\/www.avalumitran.com\/pt-pt\/wp-json\/wp\/v2\/pages"}],"about":[{"href":"https:\/\/www.avalumitran.com\/pt-pt\/wp-json\/wp\/v2\/types\/page"}],"author":[{"embeddable":true,"href":"https:\/\/www.avalumitran.com\/pt-pt\/wp-json\/wp\/v2\/users\/1001002"}],"replies":[{"embeddable":true,"href":"https:\/\/www.avalumitran.com\/pt-pt\/wp-json\/wp\/v2\/comments?post=742"}],"version-history":[{"count":8,"href":"https:\/\/www.avalumitran.com\/pt-pt\/wp-json\/wp\/v2\/pages\/742\/revisions"}],"predecessor-version":[{"id":12554,"href":"https:\/\/www.avalumitran.com\/pt-pt\/wp-json\/wp\/v2\/pages\/742\/revisions\/12554"}],"wp:attachment":[{"href":"https:\/\/www.avalumitran.com\/pt-pt\/wp-json\/wp\/v2\/media?parent=742"}],"curies":[{"name":"wp","href":"https:\/\/api.w.org\/{rel}","templated":true}]}}