{"id":750,"date":"2014-02-18T04:37:10","date_gmt":"2014-02-18T04:37:10","guid":{"rendered":"https:\/\/www.avalumitran.com\/contacto-2\/"},"modified":"2022-02-21T17:17:53","modified_gmt":"2022-02-21T16:17:53","slug":"contacto","status":"publish","type":"page","link":"https:\/\/www.avalumitran.com\/pt-pt\/contacto\/","title":{"rendered":"CONTACTO"},"content":{"rendered":"\t\t<div data-elementor-type=\"wp-page\" data-elementor-id=\"750\" class=\"elementor elementor-750 elementor-29\" data-elementor-post-type=\"page\">\n\t\t\t\t\t\t<section class=\"elementor-section elementor-top-section elementor-element elementor-element-f2b4dc6 elementor-section-boxed elementor-section-height-default elementor-section-height-default\" data-id=\"f2b4dc6\" data-element_type=\"section\">\n\t\t\t\t\t\t<div class=\"elementor-container elementor-column-gap-wide\">\n\t\t\t\t\t<div class=\"elementor-column elementor-col-50 elementor-top-column elementor-element elementor-element-d41cac5\" data-id=\"d41cac5\" data-element_type=\"column\">\n\t\t\t<div class=\"elementor-widget-wrap elementor-element-populated\">\n\t\t\t\t\t\t<div class=\"elementor-element elementor-element-5329a4e elementor-widget elementor-widget-text-editor\" data-id=\"5329a4e\" data-element_type=\"widget\" data-widget_type=\"text-editor.default\">\n\t\t\t\t<div class=\"elementor-widget-container\">\n\t\t\t\t\t\t\t\t\t<iframe style=\"border: 0;\" src=\"https:\/\/www.google.com\/maps\/embed?pb=!1m14!1m8!1m3!1d3049.4939382604653!2d-3.253412!3d40.153555!3m2!1i1024!2i768!4f13.1!3m3!1m2!1s0xd426f3e50e9157d%3A0x845c1235a5332781!2sAlumitran+S.A.!5e0!3m2!1sen!2ses!4v1401445042243\" width=\"100%\" height=\"400\" frameborder=\"0\"><\/iframe>\t\t\t\t\t\t\t\t<\/div>\n\t\t\t\t<\/div>\n\t\t\t\t\t<\/div>\n\t\t<\/div>\n\t\t\t\t<div class=\"elementor-column elementor-col-50 elementor-top-column elementor-element elementor-element-77ba9be\" data-id=\"77ba9be\" data-element_type=\"column\">\n\t\t\t<div class=\"elementor-widget-wrap elementor-element-populated\">\n\t\t\t\t\t\t<div class=\"elementor-element elementor-element-4da73ed elementor-widget elementor-widget-text-editor\" data-id=\"4da73ed\" data-element_type=\"widget\" data-widget_type=\"text-editor.default\">\n\t\t\t\t<div class=\"elementor-widget-container\">\n\t\t\t\t\t\t\t\t\t<p class=\"p1\"><strong>AV Alumitran, Peritos em extrus\u00e3o e transforma\u00e7\u00e3o de Alum\u00ednio.<\/strong> <br \/>Ctra. A-3 Km 52.300. Villarejo de Salvan\u00e9s (Madrid) Apartado de correos, 11 (28590) <br \/><strong>Tel. +34 91 876 91 80 comercial@avalumitran.com<\/strong><\/p>\t\t\t\t\t\t\t\t<\/div>\n\t\t\t\t<\/div>\n\t\t\t\t<div class=\"elementor-element elementor-element-b281971 elementor-widget-divider--view-line elementor-widget elementor-widget-divider\" data-id=\"b281971\" data-element_type=\"widget\" data-widget_type=\"divider.default\">\n\t\t\t\t<div class=\"elementor-widget-container\">\n\t\t\t\t\t\t\t<div class=\"elementor-divider\">\n\t\t\t<span class=\"elementor-divider-separator\">\n\t\t\t\t\t\t<\/span>\n\t\t<\/div>\n\t\t\t\t\t\t<\/div>\n\t\t\t\t<\/div>\n\t\t\t\t<div class=\"elementor-element elementor-element-7ae7870 elementor-widget elementor-widget-text-editor\" data-id=\"7ae7870\" data-element_type=\"widget\" data-widget_type=\"text-editor.default\">\n\t\t\t\t<div class=\"elementor-widget-container\">\n\t\t\t\t\t\t\t\t\t<p class=\"p1\"><em>Se precisar de instru\u00e7\u00f5es para chegar \u00e0 nossa f\u00e1brica e escrit\u00f3rios informe-se a seguir:<\/em><\/p>\t\t\t\t\t\t\t\t<\/div>\n\t\t\t\t<\/div>\n\t\t\t\t<div class=\"elementor-element elementor-element-6013f75 elementor-widget elementor-widget-button\" data-id=\"6013f75\" data-element_type=\"widget\" data-widget_type=\"button.default\">\n\t\t\t\t<div class=\"elementor-widget-container\">\n\t\t\t\t\t\t\t\t\t<div class=\"elementor-button-wrapper\">\n\t\t\t\t\t<a class=\"elementor-button elementor-button-link elementor-size-sm\" href=\"\/pt-pt\/localizacao\/\">\n\t\t\t\t\t\t<span class=\"elementor-button-content-wrapper\">\n\t\t\t\t\t\t\t\t\t<span class=\"elementor-button-text\">COMO CHEGAR<\/span>\n\t\t\t\t\t<\/span>\n\t\t\t\t\t<\/a>\n\t\t\t\t<\/div>\n\t\t\t\t\t\t\t\t<\/div>\n\t\t\t\t<\/div>\n\t\t\t\t<div class=\"elementor-element elementor-element-d14e5f9 elementor-widget elementor-widget-button\" data-id=\"d14e5f9\" data-element_type=\"widget\" data-widget_type=\"button.default\">\n\t\t\t\t<div class=\"elementor-widget-container\">\n\t\t\t\t\t\t\t\t\t<div class=\"elementor-button-wrapper\">\n\t\t\t\t\t<a class=\"elementor-button elementor-button-link elementor-size-sm\" href=\"https:\/\/www.avalumitran.com\/trabaja-con-nosotros\/\">\n\t\t\t\t\t\t<span class=\"elementor-button-content-wrapper\">\n\t\t\t\t\t\t\t\t\t<span class=\"elementor-button-text\">Venha trabalhar connosco<\/span>\n\t\t\t\t\t<\/span>\n\t\t\t\t\t<\/a>\n\t\t\t\t<\/div>\n\t\t\t\t\t\t\t\t<\/div>\n\t\t\t\t<\/div>\n\t\t\t\t\t<\/div>\n\t\t<\/div>\n\t\t\t\t\t<\/div>\n\t\t<\/section>\n\t\t\t\t<\/div>\n\t\t","protected":false},"excerpt":{"rendered":"<p>AV Alumitran, Peritos em extrus\u00e3o e transforma\u00e7\u00e3o de Alum\u00ednio. Ctra. A-3 Km 52.300. Villarejo de Salvan\u00e9s (Madrid) Apartado de correos, 11 (28590) Tel. +34 91 876 91 80 comercial@avalumitran.com Se precisar de instru\u00e7\u00f5es para chegar \u00e0 nossa f\u00e1brica e escrit\u00f3rios informe-se a seguir: COMO CHEGAR Venha trabalhar connosco<\/p>\n","protected":false},"author":1001002,"featured_media":0,"parent":0,"menu_order":0,"comment_status":"closed","ping_status":"open","template":"","meta":{"footnotes":""},"class_list":["post-750","page","type-page","status-publish","hentry"],"aioseo_notices":[],"_links":{"self":[{"href":"https:\/\/www.avalumitran.com\/pt-pt\/wp-json\/wp\/v2\/pages\/750","targetHints":{"allow":["GET"]}}],"collection":[{"href":"https:\/\/www.avalumitran.com\/pt-pt\/wp-json\/wp\/v2\/pages"}],"about":[{"href":"https:\/\/www.avalumitran.com\/pt-pt\/wp-json\/wp\/v2\/types\/page"}],"author":[{"embeddable":true,"href":"https:\/\/www.avalumitran.com\/pt-pt\/wp-json\/wp\/v2\/users\/1001002"}],"replies":[{"embeddable":true,"href":"https:\/\/www.avalumitran.com\/pt-pt\/wp-json\/wp\/v2\/comments?post=750"}],"version-history":[{"count":21,"href":"https:\/\/www.avalumitran.com\/pt-pt\/wp-json\/wp\/v2\/pages\/750\/revisions"}],"predecessor-version":[{"id":5178,"href":"https:\/\/www.avalumitran.com\/pt-pt\/wp-json\/wp\/v2\/pages\/750\/revisions\/5178"}],"wp:attachment":[{"href":"https:\/\/www.avalumitran.com\/pt-pt\/wp-json\/wp\/v2\/media?parent=750"}],"curies":[{"name":"wp","href":"https:\/\/api.w.org\/{rel}","templated":true}]}}