{"id":784,"date":"2014-05-30T09:32:31","date_gmt":"2014-05-30T09:32:31","guid":{"rendered":"https:\/\/www.avalumitran.com\/ubicacion-2\/"},"modified":"2022-02-11T19:21:04","modified_gmt":"2022-02-11T18:21:04","slug":"localizacao","status":"publish","type":"page","link":"https:\/\/www.avalumitran.com\/pt-pt\/localizacao\/","title":{"rendered":"LOCALIZA\u00c7\u00c3O"},"content":{"rendered":"\t\t<div data-elementor-type=\"wp-page\" data-elementor-id=\"784\" class=\"elementor elementor-784 elementor-566\" data-elementor-post-type=\"page\">\n\t\t\t\t\t\t<section class=\"elementor-section elementor-top-section elementor-element elementor-element-6744a3f elementor-section-boxed elementor-section-height-default elementor-section-height-default\" data-id=\"6744a3f\" data-element_type=\"section\">\n\t\t\t\t\t\t<div class=\"elementor-container elementor-column-gap-default\">\n\t\t\t\t\t<div class=\"elementor-column elementor-col-100 elementor-top-column elementor-element elementor-element-5417912\" data-id=\"5417912\" data-element_type=\"column\">\n\t\t\t<div class=\"elementor-widget-wrap elementor-element-populated\">\n\t\t\t\t\t\t<section class=\"elementor-section elementor-inner-section elementor-element elementor-element-9ebef7a elementor-section-boxed elementor-section-height-default elementor-section-height-default\" data-id=\"9ebef7a\" data-element_type=\"section\">\n\t\t\t\t\t\t<div class=\"elementor-container elementor-column-gap-default\">\n\t\t\t\t\t<div class=\"elementor-column elementor-col-50 elementor-inner-column elementor-element elementor-element-a3ac389\" data-id=\"a3ac389\" data-element_type=\"column\">\n\t\t\t<div class=\"elementor-widget-wrap elementor-element-populated\">\n\t\t\t\t\t\t<div class=\"elementor-element elementor-element-73f3382 elementor-widget elementor-widget-text-editor\" data-id=\"73f3382\" data-element_type=\"widget\" data-widget_type=\"text-editor.default\">\n\t\t\t\t<div class=\"elementor-widget-container\">\n\t\t\t\t\t\t\t\t\t<iframe style=\"border: 0;\" src=\"https:\/\/www.google.com\/maps\/embed?pb=!1m14!1m8!1m3!1d3049.4939382604653!2d-3.253412!3d40.153555!3m2!1i1024!2i768!4f13.1!3m3!1m2!1s0xd426f3e50e9157d%3A0x845c1235a5332781!2sAlumitran+S.A.!5e0!3m2!1sen!2ses!4v1401445042243\" width=\"100%\" height=\"340\" frameborder=\"0\"><\/iframe>\t\t\t\t\t\t\t\t<\/div>\n\t\t\t\t<\/div>\n\t\t\t\t\t<\/div>\n\t\t<\/div>\n\t\t\t\t<div class=\"elementor-column elementor-col-50 elementor-inner-column elementor-element elementor-element-67a2013\" data-id=\"67a2013\" data-element_type=\"column\">\n\t\t\t<div class=\"elementor-widget-wrap elementor-element-populated\">\n\t\t\t\t\t\t<div class=\"elementor-element elementor-element-a89ec47 elementor-widget elementor-widget-text-editor\" data-id=\"a89ec47\" data-element_type=\"widget\" data-widget_type=\"text-editor.default\">\n\t\t\t\t<div class=\"elementor-widget-container\">\n\t\t\t\t\t\t\t\t\t<h2>C\u00d3MO CHEGAR<\/h2><p>A nossa f\u00e1brica e escrit\u00f3rios principais est\u00e3o localizados na Auto-estrada A3, ao Km. 52 300. 28590 Villarejo de Salvan\u00e9s (Madrid). Deve sair na Sa\u00edda 51, continuando na via de servi\u00e7o (direita) e cortando \u00e0 esquerda para continuar na referida via de servi\u00e7o.<\/p>\t\t\t\t\t\t\t\t<\/div>\n\t\t\t\t<\/div>\n\t\t\t\t<div class=\"elementor-element elementor-element-3849889 elementor-widget elementor-widget-text-editor\" data-id=\"3849889\" data-element_type=\"widget\" data-widget_type=\"text-editor.default\">\n\t\t\t\t<div class=\"elementor-widget-container\">\n\t\t\t\t\t\t\t\t\t<div class=\"one_half\"><h2>Percurso a partir do Aeroporto<\/h2><p>Pode obter indica\u00e7\u00f5es e percursos clicando <a title=\"ver rutas\" href=\"https:\/\/www.google.es\/maps\/dir\/Adolfo+Suarez+Airport,+Aeropuerto+de+Barajas,+Avenida+de+la+Hispanidad,+s%2Fn,+28042+Madrid\/Alumitran+S.A.,+Crt+N+III+km+52.500,+28590+Madrid\/@40.3184384,-3.5793749,10z\/data=!4m13!4m12!1m5!1m1!1s0xd4231d000000001:0x6e7725ea0f85ceef!2m2!1d-3.567952!2d40.483936!1m5!1m1!1s0xd426f3e50e9157d:0x845c1235a5332781!2m2!1d-3.253412!2d40.153555\" target=\"_blank\" rel=\"noopener\">AQUI<\/a><\/p><h2>Percursos a partir de Madrid<\/h2><p>Se vier do centro de Madrid carregue <a title=\"ver rutas\" href=\"https:\/\/www.google.es\/maps\/dir\/Puerta+de+Alcal%C3%A1,+Plaza+de+la+Independencia,+1,+28014+Madrid\/Alumitran+S.A.,+Crt+N+III+km+52.500,+28590+Madrid\/@40.276843,-3.6075434,11z\/data=!3m1!4b1!4m13!4m12!1m5!1m1!1s0xd42289a4a865227:0x98278b3a144a86f1!2m2!1d-3.688692!2d40.41997!1m5!1m1!1s0xd426f3e50e9157d:0x845c1235a5332781!2m2!1d-3.253412!2d40.153555\">AQUI<\/a><\/p><\/div><div class=\"one_half last\"><p>\u00a0<\/p><\/div>\t\t\t\t\t\t\t\t<\/div>\n\t\t\t\t<\/div>\n\t\t\t\t\t<\/div>\n\t\t<\/div>\n\t\t\t\t\t<\/div>\n\t\t<\/section>\n\t\t\t\t\t<\/div>\n\t\t<\/div>\n\t\t\t\t\t<\/div>\n\t\t<\/section>\n\t\t\t\t<\/div>\n\t\t","protected":false},"excerpt":{"rendered":"<p>C\u00d3MO CHEGAR A nossa f\u00e1brica e escrit\u00f3rios principais est\u00e3o localizados na Auto-estrada A3, ao Km. 52 300. 28590 Villarejo de Salvan\u00e9s (Madrid). Deve sair na Sa\u00edda 51, continuando na via de servi\u00e7o (direita) e cortando \u00e0 esquerda para continuar na referida via de servi\u00e7o. Percurso a partir do Aeroporto Pode obter indica\u00e7\u00f5es e percursos clicando [&hellip;]<\/p>\n","protected":false},"author":1001002,"featured_media":0,"parent":0,"menu_order":0,"comment_status":"closed","ping_status":"open","template":"","meta":{"footnotes":""},"class_list":["post-784","page","type-page","status-publish","hentry"],"aioseo_notices":[],"_links":{"self":[{"href":"https:\/\/www.avalumitran.com\/pt-pt\/wp-json\/wp\/v2\/pages\/784","targetHints":{"allow":["GET"]}}],"collection":[{"href":"https:\/\/www.avalumitran.com\/pt-pt\/wp-json\/wp\/v2\/pages"}],"about":[{"href":"https:\/\/www.avalumitran.com\/pt-pt\/wp-json\/wp\/v2\/types\/page"}],"author":[{"embeddable":true,"href":"https:\/\/www.avalumitran.com\/pt-pt\/wp-json\/wp\/v2\/users\/1001002"}],"replies":[{"embeddable":true,"href":"https:\/\/www.avalumitran.com\/pt-pt\/wp-json\/wp\/v2\/comments?post=784"}],"version-history":[{"count":6,"href":"https:\/\/www.avalumitran.com\/pt-pt\/wp-json\/wp\/v2\/pages\/784\/revisions"}],"predecessor-version":[{"id":5049,"href":"https:\/\/www.avalumitran.com\/pt-pt\/wp-json\/wp\/v2\/pages\/784\/revisions\/5049"}],"wp:attachment":[{"href":"https:\/\/www.avalumitran.com\/pt-pt\/wp-json\/wp\/v2\/media?parent=784"}],"curies":[{"name":"wp","href":"https:\/\/api.w.org\/{rel}","templated":true}]}}